{"id":923,"date":"2020-06-11T11:44:26","date_gmt":"2020-06-11T10:44:26","guid":{"rendered":"http:\/\/frauenhaus-celle.de\/?page_id=923"},"modified":"2025-02-18T09:55:02","modified_gmt":"2025-02-18T08:55:02","slug":"zuflucht-schutz-hilfe","status":"publish","type":"page","link":"https:\/\/frauenhaus-celle.de\/?page_id=923","title":{"rendered":"Sie haben Angst&#8230;"},"content":{"rendered":"\n<h3 class=\"has-text-align-right has-text-color\" style=\"color:#800066\">&#8230;und k\u00f6nnen nicht mehr zu Hause bleiben?<\/h3>\n\n\n\n<p>Im Frauenhaus finden Sie und Ihre Kinder Zuflucht, Schutz und Hilfe. Das Schutzhaus ist eine anonyme vor\u00fcbergehende Wohnm\u00f6glichkeit f\u00fcr Frauen unabh\u00e4ngig von Herkunft, Kulturkreis und Nationalit\u00e4t.<\/p>\n\n\n\n<p>Im Haus erhalten Sie Beratung in Ihrer Notsituation, Unterst\u00fctzung bei beh\u00f6rdlichen Angelegenheiten und die Entwicklung von neuen Lebensperspektiven f\u00fcr Sie und Ihre Kinder.<\/p>\n\n\n\n<p>Wir verf\u00fcgen \u00fcber 20 Pl\u00e4tze f\u00fcr Frauen und ihre Kinder. F\u00fcr Frauen mit Kindern steht ein eigenes Zimmer zur Verf\u00fcgung. K\u00fcche, B\u00e4der und Wohnzimmer werden gemeinsam genutzt. Die Haushaltsf\u00fchrung \u00fcbernehmen alle zusammen. Jede Bewohnerin ist f\u00fcr sich und ihre Kinder selbst verantwortlich und versorgt sich selbst.<\/p>\n\n\n\n<p>Frauen mit \u00e4hnlichen Erfahrungen lernen sich kennen, tauschen sich aus und k\u00f6nnen sich gegenseitig unterst\u00fctzen.<\/p>\n\n\n\n<h5 class=\"has-text-color\" style=\"color:#800066\">Bei einer Aufnahme nehmen Sie m\u00f6glichst mit:<\/h5>\n\n\n\n<h6 class=\"has-text-color\" style=\"color:#085f57\"><strong>Dokumente (Original oder Kopie)<\/strong>:<\/h6>\n\n\n\n<ul>\n<li>Ausweis\/Pass und Kinderausweise (eventuell Staatsb\u00fcrgerschaftsnachweis)<\/li>\n\n\n\n<li>Geburtsurkunden\/Heiratsurkunde<\/li>\n\n\n\n<li>Krankenkassenkarte, auch f\u00fcr die der Kinder<\/li>\n\n\n\n<li>Mietvertrag, Arbeitsvertrag, Renten-, Sozial-, und Arbeitsamtsbescheide<\/li>\n\n\n\n<li>eventuell Kopien von Sorgerechtsentscheid, Schutzanordnung<\/li>\n\n\n\n<li>Bankunterlagen, Sparb\u00fccher, Wertpapiere in Kopien<\/li>\n<\/ul>\n\n\n\n<h6 class=\"has-text-color\" style=\"color:#085f57\"><strong>Sonstiges:<\/strong><\/h6>\n\n\n\n<ul>\n<li>Kleidung, Hygieneartikel, Schulsachen, Lieblingsspielzeug, Medikamente<\/li>\n\n\n\n<li>Schmuck<\/li>\n\n\n\n<li>Ersatzschl\u00fcssel f\u00fcr Wohnung\/Auto<\/li>\n\n\n\n<li>Adressbuch<\/li>\n\n\n\n<li>Erinnerungen: Tageb\u00fccher, Fotos und geliebte Dinge<\/li>\n<\/ul>\n\n\n\n<hr class=\"wp-block-separator has-alpha-channel-opacity\"\/>\n\n\n\n<p class=\"has-small-font-size\">gef\u00f6rdert durch:<\/p>\n\n\n\n<figure class=\"wp-block-image size-full\"><a href=\"https:\/\/frauenhaus-celle.de\/wp-content\/uploads\/2025\/02\/Logos25-1.png\"><img decoding=\"async\" loading=\"lazy\" width=\"895\" height=\"131\" src=\"https:\/\/frauenhaus-celle.de\/wp-content\/uploads\/2025\/02\/Logos25-1.png\" alt=\"\" class=\"wp-image-1319\" srcset=\"https:\/\/frauenhaus-celle.de\/wp-content\/uploads\/2025\/02\/Logos25-1.png 895w, https:\/\/frauenhaus-celle.de\/wp-content\/uploads\/2025\/02\/Logos25-1-300x44.png 300w, https:\/\/frauenhaus-celle.de\/wp-content\/uploads\/2025\/02\/Logos25-1-768x112.png 768w\" sizes=\"(max-width: 709px) 85vw, (max-width: 909px) 67vw, (max-width: 1362px) 62vw, 840px\" \/><\/a><\/figure>\n","protected":false},"excerpt":{"rendered":"<p>&#8230;und k\u00f6nnen nicht mehr zu Hause bleiben? Im Frauenhaus finden Sie und Ihre Kinder Zuflucht, Schutz und Hilfe. Das Schutzhaus ist eine anonyme vor\u00fcbergehende Wohnm\u00f6glichkeit f\u00fcr Frauen unabh\u00e4ngig von Herkunft, Kulturkreis und Nationalit\u00e4t. Im Haus erhalten Sie Beratung in Ihrer Notsituation, Unterst\u00fctzung bei beh\u00f6rdlichen Angelegenheiten und die Entwicklung von neuen Lebensperspektiven f\u00fcr Sie und Ihre &hellip; <a href=\"https:\/\/frauenhaus-celle.de\/?page_id=923\" class=\"more-link\"><span class=\"screen-reader-text\">\u201eSie haben Angst&#8230;\u201c<\/span> weiterlesen<\/a><\/p>\n","protected":false},"author":1,"featured_media":0,"parent":0,"menu_order":0,"comment_status":"closed","ping_status":"closed","template":"","meta":[],"_links":{"self":[{"href":"https:\/\/frauenhaus-celle.de\/index.php?rest_route=\/wp\/v2\/pages\/923"}],"collection":[{"href":"https:\/\/frauenhaus-celle.de\/index.php?rest_route=\/wp\/v2\/pages"}],"about":[{"href":"https:\/\/frauenhaus-celle.de\/index.php?rest_route=\/wp\/v2\/types\/page"}],"author":[{"embeddable":true,"href":"https:\/\/frauenhaus-celle.de\/index.php?rest_route=\/wp\/v2\/users\/1"}],"replies":[{"embeddable":true,"href":"https:\/\/frauenhaus-celle.de\/index.php?rest_route=%2Fwp%2Fv2%2Fcomments&post=923"}],"version-history":[{"count":10,"href":"https:\/\/frauenhaus-celle.de\/index.php?rest_route=\/wp\/v2\/pages\/923\/revisions"}],"predecessor-version":[{"id":1320,"href":"https:\/\/frauenhaus-celle.de\/index.php?rest_route=\/wp\/v2\/pages\/923\/revisions\/1320"}],"wp:attachment":[{"href":"https:\/\/frauenhaus-celle.de\/index.php?rest_route=%2Fwp%2Fv2%2Fmedia&parent=923"}],"curies":[{"name":"wp","href":"https:\/\/api.w.org\/{rel}","templated":true}]}}