{"id":352,"date":"2015-03-09T12:22:11","date_gmt":"2015-03-09T11:22:11","guid":{"rendered":"http:\/\/frauenhaus-celle.de\/?page_id=352"},"modified":"2017-11-30T12:10:03","modified_gmt":"2017-11-30T11:10:03","slug":"lilly-lindner","status":"publish","type":"page","link":"https:\/\/frauenhaus-celle.de\/?page_id=352","title":{"rendered":"Lilly Lindner"},"content":{"rendered":"<p>Nach der Ausstellung \u201e99 Frauen und ich\u201c im Dezember 2013 lud der Vorstand der Stiftung, die das Frauenhaus unterst\u00fctzt, zu dem diesj\u00e4hrigen Stiftungsabend Lilly Lindner zu einer Lesung ein. Beeindruckend zitierte die junge Autorin aus ihren B\u00fcchern \u201eBevor ich falle\u201c und \u201eSplitterfasernackt\u201c. Zwischendurch erfolgten kurze mit Musik untermalte Performancen, die die Zuschauer ber\u00fchrten und die Texte in ihren Aussagen best\u00e4rkte.<\/p>\n<figure id=\"attachment_326\" aria-describedby=\"caption-attachment-326\" style=\"width: 2240px\" class=\"wp-caption alignnone\"><a href=\"https:\/\/frauenhaus-celle.de\/wp-content\/uploads\/2015\/01\/20150213-FH-Lilly1.jpg\"><img decoding=\"async\" loading=\"lazy\" class=\"size-full wp-image-326\" src=\"https:\/\/frauenhaus-celle.de\/wp-content\/uploads\/2015\/01\/20150213-FH-Lilly1.jpg\" alt=\"Lilly Lindner mit ihrem Partner bei der Lesung\/Perfomance\" width=\"2240\" height=\"1493\" srcset=\"https:\/\/frauenhaus-celle.de\/wp-content\/uploads\/2015\/01\/20150213-FH-Lilly1.jpg 2240w, https:\/\/frauenhaus-celle.de\/wp-content\/uploads\/2015\/01\/20150213-FH-Lilly1-300x199.jpg 300w, https:\/\/frauenhaus-celle.de\/wp-content\/uploads\/2015\/01\/20150213-FH-Lilly1-1024x682.jpg 1024w, https:\/\/frauenhaus-celle.de\/wp-content\/uploads\/2015\/01\/20150213-FH-Lilly1-450x300.jpg 450w\" sizes=\"(max-width: 709px) 85vw, (max-width: 909px) 67vw, (max-width: 1362px) 62vw, 840px\" \/><\/a><figcaption id=\"caption-attachment-326\" class=\"wp-caption-text\">Lilly Lindner mit ihrem Partner bei der Lesung\/Perfomance<\/figcaption><\/figure>\n<p>Wiederholter sexueller Missbrauch als F\u00fcnfj\u00e4hrige, die Zw\u00e4nge der Magersucht, die Sucht sich selbst zu verletzen, der Entschluss zur Prostitution, das sind alles Erfahrungen, die Lilly Lindner hinter sich hat. Dar\u00fcber schreibt sie, weil \u201edie Worte immer in meinem Kopf waren\u201c. \u201eIhre Sprache ist unverbl\u00fcmt, schockierend aber auch authentisch und glaubw\u00fcrdig. In dem Lilly Lindner dar\u00fcber schreibt, macht sie uns allen klar, dass Missbrauch und Gewalt mitten unter uns ist und schreckliche seelische Verletzungen verursacht\u201c, so die Vorsitzende des Celler anonymen Frauenhauses Celle.<\/p>\n<p>\u201eInzwischen ist die Arbeit des Frauenhauses in der \u00d6ffentlichkeit angekommen\u201c, wei\u00df Amei Wiegel, Vorsitzende des Frauenhauses. \u201eKoKo k\u00f6nnen wir nun in die Liste unserer Spender aufnehmen, auf die wir auch nach \u00fcber 30 Jahre Arbeit angewiesen sind.\u201c<\/p>\n<p>Gro\u00dfen Anklang fanden auch Lindners Lesungen an zwei Schulen im Landkreis. \u201eDie Lehrkr\u00e4fte an der OS Flotwedel haben die Lesungen inhaltlich vorbereitet und die Sch\u00fclerInnen waren teilweise emotional sehr ber\u00fchrt, berichtet Katja Hufschmidt-Bergmann, Wiegels Stellvertreterin. \u201eIn Lachendorf war sogar ein Fernsehteam dabei.\u201c<\/p>\n","protected":false},"excerpt":{"rendered":"<p>Nach der Ausstellung \u201e99 Frauen und ich\u201c im Dezember 2013 lud der Vorstand der Stiftung, die das Frauenhaus unterst\u00fctzt, zu dem diesj\u00e4hrigen Stiftungsabend Lilly Lindner zu einer Lesung ein. Beeindruckend zitierte die junge Autorin aus ihren B\u00fcchern \u201eBevor ich falle\u201c und \u201eSplitterfasernackt\u201c. Zwischendurch erfolgten kurze mit Musik untermalte Performancen, die die Zuschauer ber\u00fchrten und die &hellip; <a href=\"https:\/\/frauenhaus-celle.de\/?page_id=352\" class=\"more-link\"><span class=\"screen-reader-text\">\u201eLilly Lindner\u201c<\/span> weiterlesen<\/a><\/p>\n","protected":false},"author":1,"featured_media":0,"parent":0,"menu_order":0,"comment_status":"closed","ping_status":"closed","template":"","meta":[],"_links":{"self":[{"href":"https:\/\/frauenhaus-celle.de\/index.php?rest_route=\/wp\/v2\/pages\/352"}],"collection":[{"href":"https:\/\/frauenhaus-celle.de\/index.php?rest_route=\/wp\/v2\/pages"}],"about":[{"href":"https:\/\/frauenhaus-celle.de\/index.php?rest_route=\/wp\/v2\/types\/page"}],"author":[{"embeddable":true,"href":"https:\/\/frauenhaus-celle.de\/index.php?rest_route=\/wp\/v2\/users\/1"}],"replies":[{"embeddable":true,"href":"https:\/\/frauenhaus-celle.de\/index.php?rest_route=%2Fwp%2Fv2%2Fcomments&post=352"}],"version-history":[{"count":3,"href":"https:\/\/frauenhaus-celle.de\/index.php?rest_route=\/wp\/v2\/pages\/352\/revisions"}],"predecessor-version":[{"id":361,"href":"https:\/\/frauenhaus-celle.de\/index.php?rest_route=\/wp\/v2\/pages\/352\/revisions\/361"}],"wp:attachment":[{"href":"https:\/\/frauenhaus-celle.de\/index.php?rest_route=%2Fwp%2Fv2%2Fmedia&parent=352"}],"curies":[{"name":"wp","href":"https:\/\/api.w.org\/{rel}","templated":true}]}}