{"id":211,"date":"2013-10-30T18:38:50","date_gmt":"2013-10-30T17:38:50","guid":{"rendered":"http:\/\/frauenhaus-celle.de\/?page_id=211"},"modified":"2025-02-17T12:11:23","modified_gmt":"2025-02-17T11:11:23","slug":"feroxia-2","status":"publish","type":"page","link":"https:\/\/frauenhaus-celle.de\/?page_id=211","title":{"rendered":"Sie m\u00f6chten Beratung&#8230;"},"content":{"rendered":"<h3 style=\"text-align: right;\"><span style=\"color: #800080;\">&#8230;und brauchen Begleitung<\/span><\/h3>\n<p>Wir bieten Unterst\u00fctzung bei der Entwicklung von neuen Wegen und der Kl\u00e4rung von Entscheidungen in schwierigen Lebenssituationen u. a.<\/p>\n<ul>\n<li style=\"list-style-type: none;\">\n<ul>\n<li>bei Scheidung und Trennung<\/li>\n<li>bei famil\u00e4ren Konflikten<\/li>\n<li>bei Erfahrung mit seelischer, k\u00f6rperlicher oder sexualisierter Gewalt<\/li>\n<li>bei Stalking<\/li>\n<li>vor und nach einem Frauenhausaufenthalt<\/li>\n<\/ul>\n<\/li>\n<\/ul>\n<h5><span style=\"color: #800080;\"><strong>Die Beratung ist vertraulich, anonym, kostenlos, ergebnisoffen.<\/strong><\/span><\/h5>\n<p>Alle Gespr\u00e4chsinhalte werden vertraulich behandelt. Die Beraterinnen unterliegen der Verschwiegenheitspflicht. Auf Wunsch sind auch anonyme Beratungen m\u00f6glich. Das macht die Beratungsstelle zu einem angstfreien und vertraulichen Raum.<\/p>\n<p>Rufen Sie uns an und schildern Ihre Situation, lassen Sie sich telefonisch beraten und vereinbaren Sie einen pers\u00f6nlichen Beratungstermin. Wir unterliegen der Schweigepflicht und arbeiten unabh\u00e4ngig von politischer, religi\u00f6ser oder nationaler Zugeh\u00f6rigkeit. Die Beratung ist kostenfrei und anonym. Die Form und Dauer der Unterst\u00fctzung wird individuell gesch\u00e4tzt und mit den Betroffenen gemeinsam geplant.<br \/>Ansprechpartnerin \u00fcber Telefon: 05141-2 57 88<\/p>\n<h5><span style=\"color: #800080;\"><strong>Selbsthilfegruppe f\u00fcr Frauen in Trennungs- oder Scheidungssituationen<\/strong><\/span><\/h5>\n<p>Die Mitarbeiterinnen der Beratungsstelle FeroXia bieten eine angeleitete Gruppe f\u00fcr Frauen an, die sich in Trennungs- oder Scheidungssituationen befinden. Unabh\u00e4ngig davon, wie lange die Trennung bereits her ist, soll die Gruppe Unterst\u00fctzung bieten beim Abschied von der beendeten Beziehung sowie bei der Gestaltung der aktuellen und zuk\u00fcnftigen Lebenssituation. Der Austausch mit anderen Betroffenen erm\u00f6glicht die emotionale Verarbeitung der Trennung sowie die gemeinsame Bew\u00e4ltigung der schwierigen Lebensphase.<\/p>\n<p>Bei Interesse wenden Sie sich an die Mitarbeiterinnen unter der Nummer 05141\/25788 oder per Mail an beratung@frauenhaus-celle.de.<\/p>\n<h5><span style=\"color: #800080;\"><strong>Spezielle Angebote<\/strong><\/span><\/h5>\n<p>In Zusammenarbeit mit einer \u00dcbersetzerin bieten wir Beratung f\u00fcr arabischsprachige Frauen (und bei Bedarf auch M\u00e4nner) an.<\/p>\n\n\n<div class=\"is-layout-flow wp-block-group\"><div class=\"wp-block-group__inner-container\">\n<h3 class=\"has-text-color has-medium-font-size\" style=\"color:#338375\">Die Beratungsstelle FeroXia finden Sie am<\/h3>\n\n\n\n<p class=\"has-text-color has-medium-font-size\" style=\"color:#338375\"><strong>S\u00fcdwall 4b, 29221 Celle<\/strong><\/p>\n\n\n\n<p class=\"has-text-color has-medium-font-size\" style=\"color:#338375\"><strong>Vereinbaren Sie telefonisch einen Termin mit uns<br>(05141-25788)<\/strong><\/p>\n\n\n\n<p class=\"has-text-color has-medium-font-size\" style=\"color:#338375\"><strong>oder kontaktieren Sie uns per E-Mail \u00fcber Beratung@frauenhaus-celle.de<\/strong><\/p>\n\n\n\n<hr class=\"wp-block-separator has-alpha-channel-opacity\"\/>\n\n\n\n<h1 class=\"has-small-font-size\">gef\u00f6rdert durch<\/h1>\n<\/div><\/div>\n\n\n\n<figure class=\"wp-block-image size-full is-resized\"><a href=\"https:\/\/frauenhaus-celle.de\/wp-content\/uploads\/2025\/02\/NDS.png\"><img decoding=\"async\" loading=\"lazy\" src=\"https:\/\/frauenhaus-celle.de\/wp-content\/uploads\/2025\/02\/NDS.png\" alt=\"\" class=\"wp-image-1313\" width=\"372\" height=\"96\"\/><\/a><\/figure>\n","protected":false},"excerpt":{"rendered":"<p>&#8230;und brauchen Begleitung Wir bieten Unterst\u00fctzung bei der Entwicklung von neuen Wegen und der Kl\u00e4rung von Entscheidungen in schwierigen Lebenssituationen u. a. bei Scheidung und Trennung bei famil\u00e4ren Konflikten bei Erfahrung mit seelischer, k\u00f6rperlicher oder sexualisierter Gewalt bei Stalking vor und nach einem Frauenhausaufenthalt Die Beratung ist vertraulich, anonym, kostenlos, ergebnisoffen. Alle Gespr\u00e4chsinhalte werden vertraulich &hellip; <a href=\"https:\/\/frauenhaus-celle.de\/?page_id=211\" class=\"more-link\"><span class=\"screen-reader-text\">\u201eSie m\u00f6chten Beratung&#8230;\u201c<\/span> weiterlesen<\/a><\/p>\n","protected":false},"author":1,"featured_media":0,"parent":0,"menu_order":0,"comment_status":"closed","ping_status":"closed","template":"","meta":[],"_links":{"self":[{"href":"https:\/\/frauenhaus-celle.de\/index.php?rest_route=\/wp\/v2\/pages\/211"}],"collection":[{"href":"https:\/\/frauenhaus-celle.de\/index.php?rest_route=\/wp\/v2\/pages"}],"about":[{"href":"https:\/\/frauenhaus-celle.de\/index.php?rest_route=\/wp\/v2\/types\/page"}],"author":[{"embeddable":true,"href":"https:\/\/frauenhaus-celle.de\/index.php?rest_route=\/wp\/v2\/users\/1"}],"replies":[{"embeddable":true,"href":"https:\/\/frauenhaus-celle.de\/index.php?rest_route=%2Fwp%2Fv2%2Fcomments&post=211"}],"version-history":[{"count":28,"href":"https:\/\/frauenhaus-celle.de\/index.php?rest_route=\/wp\/v2\/pages\/211\/revisions"}],"predecessor-version":[{"id":1314,"href":"https:\/\/frauenhaus-celle.de\/index.php?rest_route=\/wp\/v2\/pages\/211\/revisions\/1314"}],"wp:attachment":[{"href":"https:\/\/frauenhaus-celle.de\/index.php?rest_route=%2Fwp%2Fv2%2Fmedia&parent=211"}],"curies":[{"name":"wp","href":"https:\/\/api.w.org\/{rel}","templated":true}]}}