{"id":12,"date":"2012-12-29T15:17:57","date_gmt":"2012-12-29T14:17:57","guid":{"rendered":"http:\/\/frauenhaus-celle.de\/wordpress\/?page_id=12"},"modified":"2026-05-05T10:13:37","modified_gmt":"2026-05-05T09:13:37","slug":"das-frauenhaus","status":"publish","type":"page","link":"https:\/\/frauenhaus-celle.de\/","title":{"rendered":"Gewalt hat viele Gesichter"},"content":{"rendered":"<ul>\n<li style=\"list-style-type: none;\">\n<ul>\n<li style=\"list-style-type: none;\">\n<ul>\n<li>Er macht mir Angst\/bedroht mich<\/li>\n<li>Er sperrt mich ein<\/li>\n<li>Er ist grundlos eifers\u00fcchtig<\/li>\n<li>Er kontrolliert mich<\/li>\n<li>Er verbietet mir, meine Familie\/Freundinnen zu treffen<\/li>\n<li>Er macht mich klein<\/li>\n<li>Er sagt: &#8222;Wenn Du gehst, bleiben die Kinder hier!&#8220;<\/li>\n<li>Er beh\u00e4lt mein Geld<\/li>\n<li>Er schl\u00e4gt mich<\/li>\n<li>Er zwingt mich zum Sex<\/li>\n<\/ul>\n<\/li>\n<\/ul>\n<\/li>\n<\/ul>\n<h3 style=\"text-align: left;\"><span style=\"color: #800066;\">Das ist H\u00e4usliche Gewalt &#8211; Das ist verboten<\/span><\/h3>\n<p style=\"text-align: left;\">Das Gewaltschutzgesetz st\u00e4rkt mein Recht auf ein Leben ohne Gewalt und bestraft den T\u00e4ter.<\/p>\n\n\n<div class=\"is-layout-flex wp-container-4 wp-block-columns\">\n<div class=\"is-layout-flow wp-block-column\"><\/div>\n\n\n\n<div class=\"is-layout-flow wp-block-column\"><\/div>\n\n\n\n<div class=\"is-layout-flow wp-block-column\"><\/div>\n<\/div>\n\n\n\n<div class=\"is-layout-flex wp-container-9 wp-block-columns\">\n<div class=\"is-layout-flow wp-block-column\">\n<figure class=\"wp-block-image size-full\"><a href=\"https:\/\/frauenhaus-celle.de\/?page_id=211\"><img decoding=\"async\" loading=\"lazy\" width=\"709\" height=\"709\" src=\"https:\/\/frauenhaus-celle.de\/wp-content\/uploads\/2020\/06\/Feroxia-1.jpg\" alt=\"\" class=\"wp-image-969\" srcset=\"https:\/\/frauenhaus-celle.de\/wp-content\/uploads\/2020\/06\/Feroxia-1.jpg 709w, https:\/\/frauenhaus-celle.de\/wp-content\/uploads\/2020\/06\/Feroxia-1-300x300.jpg 300w, https:\/\/frauenhaus-celle.de\/wp-content\/uploads\/2020\/06\/Feroxia-1-150x150.jpg 150w\" sizes=\"(max-width: 709px) 85vw, 709px\" \/><\/a><\/figure>\n<\/div>\n\n\n\n<div class=\"is-layout-flow wp-block-column\"><\/div>\n\n\n\n<div class=\"is-layout-flow wp-block-column\">\n<figure class=\"wp-block-image size-full\"><a href=\"https:\/\/frauenhaus-celle.de\/?page_id=923\" rel=\"Schutzhaus\"><img decoding=\"async\" loading=\"lazy\" width=\"709\" height=\"709\" src=\"https:\/\/frauenhaus-celle.de\/wp-content\/uploads\/2020\/06\/FH-Schutz.jpg\" alt=\"\" class=\"wp-image-937\" srcset=\"https:\/\/frauenhaus-celle.de\/wp-content\/uploads\/2020\/06\/FH-Schutz.jpg 709w, https:\/\/frauenhaus-celle.de\/wp-content\/uploads\/2020\/06\/FH-Schutz-300x300.jpg 300w, https:\/\/frauenhaus-celle.de\/wp-content\/uploads\/2020\/06\/FH-Schutz-150x150.jpg 150w\" sizes=\"(max-width: 709px) 85vw, 709px\" \/><\/a><\/figure>\n<\/div>\n\n\n\n<div class=\"is-layout-flow wp-block-column\"><\/div>\n<\/div>\n\n\n\n<p><\/p>\n\n\n\n<h2 class=\"has-text-color\" style=\"color:#800060\"><\/h2>\n","protected":false},"excerpt":{"rendered":"<p>Er macht mir Angst\/bedroht mich Er sperrt mich ein Er ist grundlos eifers\u00fcchtig Er kontrolliert mich Er verbietet mir, meine Familie\/Freundinnen zu treffen Er macht mich klein Er sagt: &#8222;Wenn Du gehst, bleiben die Kinder hier!&#8220; Er beh\u00e4lt mein Geld Er schl\u00e4gt mich Er zwingt mich zum Sex Das ist H\u00e4usliche Gewalt &#8211; Das ist &hellip; <a href=\"https:\/\/frauenhaus-celle.de\/\" class=\"more-link\"><span class=\"screen-reader-text\">\u201eGewalt hat viele Gesichter\u201c<\/span> weiterlesen<\/a><\/p>\n","protected":false},"author":1,"featured_media":0,"parent":0,"menu_order":1,"comment_status":"closed","ping_status":"closed","template":"","meta":[],"_links":{"self":[{"href":"https:\/\/frauenhaus-celle.de\/index.php?rest_route=\/wp\/v2\/pages\/12"}],"collection":[{"href":"https:\/\/frauenhaus-celle.de\/index.php?rest_route=\/wp\/v2\/pages"}],"about":[{"href":"https:\/\/frauenhaus-celle.de\/index.php?rest_route=\/wp\/v2\/types\/page"}],"author":[{"embeddable":true,"href":"https:\/\/frauenhaus-celle.de\/index.php?rest_route=\/wp\/v2\/users\/1"}],"replies":[{"embeddable":true,"href":"https:\/\/frauenhaus-celle.de\/index.php?rest_route=%2Fwp%2Fv2%2Fcomments&post=12"}],"version-history":[{"count":55,"href":"https:\/\/frauenhaus-celle.de\/index.php?rest_route=\/wp\/v2\/pages\/12\/revisions"}],"predecessor-version":[{"id":1349,"href":"https:\/\/frauenhaus-celle.de\/index.php?rest_route=\/wp\/v2\/pages\/12\/revisions\/1349"}],"wp:attachment":[{"href":"https:\/\/frauenhaus-celle.de\/index.php?rest_route=%2Fwp%2Fv2%2Fmedia&parent=12"}],"curies":[{"name":"wp","href":"https:\/\/api.w.org\/{rel}","templated":true}]}}