{"id":1143,"date":"2021-03-31T11:51:54","date_gmt":"2021-03-31T10:51:54","guid":{"rendered":"http:\/\/frauenhaus-celle.de\/?page_id=1143"},"modified":"2022-01-20T11:38:14","modified_gmt":"2022-01-20T10:38:14","slug":"dafuer-stehen-wir","status":"publish","type":"page","link":"https:\/\/frauenhaus-celle.de\/?page_id=1143","title":{"rendered":"Daf\u00fcr stehen wir"},"content":{"rendered":"\n<figure class=\"wp-block-image size-large\"><img decoding=\"async\" loading=\"lazy\" width=\"1024\" height=\"576\" src=\"https:\/\/frauenhaus-celle.de\/wp-content\/uploads\/2022\/01\/sharepic-einzelfallunabhaengigeFinanzierung-1024x576.png\" alt=\"\" class=\"wp-image-1225\" srcset=\"https:\/\/frauenhaus-celle.de\/wp-content\/uploads\/2022\/01\/sharepic-einzelfallunabhaengigeFinanzierung-1024x576.png 1024w, https:\/\/frauenhaus-celle.de\/wp-content\/uploads\/2022\/01\/sharepic-einzelfallunabhaengigeFinanzierung-300x169.png 300w, https:\/\/frauenhaus-celle.de\/wp-content\/uploads\/2022\/01\/sharepic-einzelfallunabhaengigeFinanzierung-768x432.png 768w, https:\/\/frauenhaus-celle.de\/wp-content\/uploads\/2022\/01\/sharepic-einzelfallunabhaengigeFinanzierung-1536x864.png 1536w, https:\/\/frauenhaus-celle.de\/wp-content\/uploads\/2022\/01\/sharepic-einzelfallunabhaengigeFinanzierung-1200x675.png 1200w, https:\/\/frauenhaus-celle.de\/wp-content\/uploads\/2022\/01\/sharepic-einzelfallunabhaengigeFinanzierung.png 1920w\" sizes=\"(max-width: 709px) 85vw, (max-width: 909px) 67vw, (max-width: 1362px) 62vw, 840px\" \/><\/figure>\n\n\n\n<div class=\"wp-block-media-text alignwide is-stacked-on-mobile is-vertically-aligned-top\" style=\"grid-template-columns:15% auto\"><figure class=\"wp-block-media-text__media\"><img decoding=\"async\" loading=\"lazy\" width=\"550\" height=\"319\" src=\"https:\/\/frauenhaus-celle.de\/wp-content\/uploads\/2021\/03\/Jetzt-reden-wir.jpg\" alt=\"\" class=\"wp-image-1171\" srcset=\"https:\/\/frauenhaus-celle.de\/wp-content\/uploads\/2021\/03\/Jetzt-reden-wir.jpg 550w, https:\/\/frauenhaus-celle.de\/wp-content\/uploads\/2021\/03\/Jetzt-reden-wir-300x174.jpg 300w\" sizes=\"(max-width: 550px) 85vw, 550px\" \/><\/figure><div class=\"wp-block-media-text__content\">\n<p class=\"has-small-font-size\"><strong>8. M\u00e4rz 2021 &#8211; Internationaler Frauentag<\/strong><br>Die Feministinnen der Celler Ortsgruppe \u201eGemeinsam k\u00e4mpfen\u201c, das anonyme Frauenhaus und der kurdische Frauenverein H\u00eav\u00ee riefen zur Demonstration am Internationalen Frauentag am 8.&nbsp;M\u00e4rz auf- und mehr als einhundert Teilnehmerinnen und Teilnehmer kamen. Frauentag- das ist immer noch Frauenkampftag fanden die Organisatorinnen und machten lautstark mit Kochtopf-Trommeln auf die immer noch bestehende Ungleichbehandlung von Frauen in unserer Gesellschaft aufmerksam. <\/p>\n\n\n\n<p style=\"color:#085f57\" class=\"has-text-color has-small-font-size\"><a href=\"https:\/\/anfdeutsch.com\/frauen\/aktionen-zum-internationalen-frauenkampftag-in-celle-24925\">Feministische Aktionen zum Frauenkampftag in Celle<\/a><br><\/p>\n<\/div><\/div>\n\n\n\n<div class=\"is-layout-flow wp-block-group\"><div class=\"wp-block-group__inner-container\">\n<div class=\"wp-block-media-text alignwide is-stacked-on-mobile is-vertically-aligned-top\" style=\"grid-template-columns:15% auto\"><figure class=\"wp-block-media-text__media\"><a href=\"https:\/\/frauenhaus-celle.de\/wp-content\/uploads\/2021\/03\/BIK.jpg\"><img decoding=\"async\" loading=\"lazy\" width=\"364\" height=\"185\" src=\"https:\/\/frauenhaus-celle.de\/wp-content\/uploads\/2021\/03\/BIK.jpg\" alt=\"\" class=\"wp-image-1139\" srcset=\"https:\/\/frauenhaus-celle.de\/wp-content\/uploads\/2021\/03\/BIK.jpg 364w, https:\/\/frauenhaus-celle.de\/wp-content\/uploads\/2021\/03\/BIK-300x152.jpg 300w\" sizes=\"(max-width: 364px) 85vw, 364px\" \/><\/a><\/figure><div class=\"wp-block-media-text__content\">\n<p style=\"color:#cf6921;font-size:15px\" class=\"has-text-color\"><a href=\"https:\/\/frauenhaus-celle.de\/wp-content\/uploads\/2021\/03\/PM-Ver\u00f6ffentlichung-Alternativbericht-18.3.2021.pdf\">Bericht zu Gewalt gegen Frauen nimmt Bundesregierung in die Pflicht<\/a><\/p>\n\n\n\n<p style=\"color:#cf6921\" class=\"has-text-color\"><a href=\"https:\/\/frauenhaus-celle.de\/wp-content\/uploads\/2021\/03\/Stellungnahme-BIK-zu-IK-Austritt-T\u00fcrkei.pdf\">Stellungnahme des B\u00fcndnisses Istanbul-Konvention (BIK) zum Austritt der T\u00fcrkei aus der Istanbul-Konvention<\/a><\/p>\n\n\n\n<p style=\"color:#cf6921\" class=\"has-text-color\"><a href=\"https:\/\/frauenhaus-celle.de\/wp-content\/uploads\/2021\/03\/Alternativbericht-BIK-2021.pdf\">Alternativbericht zur Umsetzung des \u00dcbereinkommens des Europarats zur Verh\u00fctung und Bek\u00e4mpfung von Gewalt gegen Frauen und h\u00e4usliche Gewalt<\/a><\/p>\n<\/div><\/div>\n<\/div><\/div>\n\n\n\n<div class=\"wp-block-media-text alignwide is-stacked-on-mobile is-vertically-aligned-top\" style=\"grid-template-columns:15% auto\"><figure class=\"wp-block-media-text__media\"><img decoding=\"async\" loading=\"lazy\" width=\"851\" height=\"525\" src=\"https:\/\/frauenhaus-celle.de\/wp-content\/uploads\/2021\/03\/ZIF-logo-rot-wb.png\" alt=\"\" class=\"wp-image-1142\" srcset=\"https:\/\/frauenhaus-celle.de\/wp-content\/uploads\/2021\/03\/ZIF-logo-rot-wb.png 851w, https:\/\/frauenhaus-celle.de\/wp-content\/uploads\/2021\/03\/ZIF-logo-rot-wb-300x185.png 300w, https:\/\/frauenhaus-celle.de\/wp-content\/uploads\/2021\/03\/ZIF-logo-rot-wb-768x474.png 768w\" sizes=\"(max-width: 709px) 85vw, (max-width: 909px) 67vw, (max-width: 1362px) 62vw, 840px\" \/><\/figure><div class=\"wp-block-media-text__content\">\n<p style=\"color:#d2217d\" class=\"has-text-color\"><a href=\"https:\/\/frauenhaus-celle.de\/wp-content\/uploads\/2021\/03\/Bundestagswahl-2021-Femizide.pdf\">Femizide verhindern<\/a><\/p>\n\n\n\n<p style=\"color:#d2217d\" class=\"has-text-color\"><a href=\"https:\/\/frauenhaus-celle.de\/wp-content\/uploads\/2021\/03\/Bundestagswahl-2021-Finanzierung.pdf\">Istanbul-Konvention vollst\u00e4ndig umsetzten &#8211; Anforderungen an die Finanzierung von Frauenh\u00e4usern<\/a><\/p>\n\n\n\n<p style=\"color:#d2217d\" class=\"has-text-color\"><a href=\"https:\/\/frauenhaus-celle.de\/wp-content\/uploads\/2021\/03\/Bundestagswahl-2021-IK.pdf\">Istanbul-Konvention umsetzten<\/a><\/p>\n\n\n\n<p style=\"color:#d2217d\" class=\"has-text-color\"><a href=\"https:\/\/frauenhaus-celle.de\/wp-content\/uploads\/2021\/03\/Bundestagswahl-2021-KSR.pdf\">Gewaltschutz muss Vorrang vor Umgangsrecht haben<\/a><\/p>\n<\/div><\/div>\n\n\n\n<hr class=\"wp-block-separator\"\/>\n\n\n\n<h6>Die Istanbul-Konvention<\/h6>\n\n\n\n<p>Am 1. Februar 2018 ist in Deutschland das &#8222;\u00dcbereinkommen des Europarats zur Verh\u00fctung und Bek\u00e4mpfung von Gewalt gegen Frauen und h\u00e4uslicher Gewalt&#8220;, die sogenannte Istanbul-Konvention, <a href=\"https:\/\/www.bmfsfj.de\/bmfsfj\/service\/gesetze\/gesetz-zum-uebereinkommen-des-europarats-vom-11-mai-2011-zur-verhuetung-und-bekaempfung-von-gewalt-gegen-frauen-und-haeuslicher-gewalt-118682\" target=\"_blank\" rel=\"noreferrer noopener\">in Kraft getreten<\/a>. Damit verpflichtet sich Deutschland, auf allen staatlichen Ebenen alles daf\u00fcr zu tun, dass Gewalt gegen Frauen bek\u00e4mpft, Betroffenen Schutz und Unterst\u00fctzung geboten und Gewalt verhindert wird.<\/p>\n\n\n\n<p>Die insgesamt 81 Artikel der Istanbul-Konvention enthalten umfassende Verpflichtungen. Diese betreffen die Pr\u00e4vention und Bek\u00e4mpfung von Gewalt gegen Frauen und von h\u00e4uslicher Gewalt, den Schutz der Opfer und die Bestrafung derjenigen, die gewaltt\u00e4tig werden. Zugleich werden die Gleichstellung von Mann und Frau sowie das Recht von Frauen auf ein gewaltfreies Leben gest\u00e4rkt.<\/p>\n","protected":false},"excerpt":{"rendered":"<p>8. M\u00e4rz 2021 &#8211; Internationaler FrauentagDie Feministinnen der Celler Ortsgruppe \u201eGemeinsam k\u00e4mpfen\u201c, das anonyme Frauenhaus und der kurdische Frauenverein H\u00eav\u00ee riefen zur Demonstration am Internationalen Frauentag am 8.&nbsp;M\u00e4rz auf- und mehr als einhundert Teilnehmerinnen und Teilnehmer kamen. Frauentag- das ist immer noch Frauenkampftag fanden die Organisatorinnen und machten lautstark mit Kochtopf-Trommeln auf die immer noch &hellip; <a href=\"https:\/\/frauenhaus-celle.de\/?page_id=1143\" class=\"more-link\"><span class=\"screen-reader-text\">\u201eDaf\u00fcr stehen wir\u201c<\/span> weiterlesen<\/a><\/p>\n","protected":false},"author":1,"featured_media":0,"parent":0,"menu_order":0,"comment_status":"closed","ping_status":"closed","template":"","meta":[],"_links":{"self":[{"href":"https:\/\/frauenhaus-celle.de\/index.php?rest_route=\/wp\/v2\/pages\/1143"}],"collection":[{"href":"https:\/\/frauenhaus-celle.de\/index.php?rest_route=\/wp\/v2\/pages"}],"about":[{"href":"https:\/\/frauenhaus-celle.de\/index.php?rest_route=\/wp\/v2\/types\/page"}],"author":[{"embeddable":true,"href":"https:\/\/frauenhaus-celle.de\/index.php?rest_route=\/wp\/v2\/users\/1"}],"replies":[{"embeddable":true,"href":"https:\/\/frauenhaus-celle.de\/index.php?rest_route=%2Fwp%2Fv2%2Fcomments&post=1143"}],"version-history":[{"count":25,"href":"https:\/\/frauenhaus-celle.de\/index.php?rest_route=\/wp\/v2\/pages\/1143\/revisions"}],"predecessor-version":[{"id":1227,"href":"https:\/\/frauenhaus-celle.de\/index.php?rest_route=\/wp\/v2\/pages\/1143\/revisions\/1227"}],"wp:attachment":[{"href":"https:\/\/frauenhaus-celle.de\/index.php?rest_route=%2Fwp%2Fv2%2Fmedia&parent=1143"}],"curies":[{"name":"wp","href":"https:\/\/api.w.org\/{rel}","templated":true}]}}